{"id":1374,"date":"2018-07-14T10:31:12","date_gmt":"2018-07-14T08:31:12","guid":{"rendered":"https:\/\/golfslovakopen.sk\/propozicie-turnaja-2\/"},"modified":"2020-09-11T22:42:53","modified_gmt":"2020-09-11T20:42:53","slug":"propozicie-turnaja","status":"publish","type":"page","link":"https:\/\/golfslovakopen.sk\/en\/propozicie-turnaja\/","title":{"rendered":"Tournament propositions"},"content":{"rendered":"<div class=\"wpb-content-wrapper\"><p>[vc_row][vc_column][vc_column_text]<\/p>\n<p><strong><em>SLOVAK CHAMPIONSHIP OPEN 2020<\/em><\/strong><\/p>\n<p><a href=\"https:\/\/golfslovakopen.sk\/wp-content\/uploads\/2020\/08\/PenatiSlovakOpenChampionship_Propositions_2020-final.pdf\"><em>Official Brochure<\/em><\/a><\/p>\n<p><a href=\"https:\/\/golfslovakopen.sk\/wp-content\/uploads\/2020\/08\/HARD-CARD-2020-2.pdf\">HARD CARD 2020<\/a><\/p>\n<p><a href=\"https:\/\/golfslovakopen.sk\/wp-content\/uploads\/2020\/09\/COVID-GUIDELINES.pdf\">COVID GUIDELINES<\/a><\/p>\n<p><a href=\"https:\/\/golfslovakopen.sk\/wp-content\/uploads\/2020\/09\/startlist_proam-1.pdf\">START LIST PRO AM<\/a><\/p>\n<p>Tournament is for\u00a0 members of\u00a0 all PGA associations<\/p>\n<p><em><strong>Organizer:<\/strong><\/em> PGA TOUR SLOVAKIA,\u00a0 s.r.o. , Coorganizer PGA SK o.z.<\/p>\n<ol>\n<li>Director of tournament : Peter Petrovi\u010d<\/li>\n<li>Head referee: Ras\u0165o Michal\u00e1k<\/li>\n<li>Tournament committee: Peter Petrovi\u010d, Pavol Bielik, Ras\u0165o Michal\u00e1k<\/li>\n<\/ol>\n<ol>\n<li>Entries \u00a0: the entry \u00a0forms of PRO players\u00a0 ENTRY<\/li>\n<\/ol>\n<p>Entry conditions \u00a0:<\/p>\n<ul>\n<li>PRO 190 eur<\/li>\n<li>AM 190 eur (amateur player must have Wild Card )<\/li>\n<\/ul>\n<p>WEB INFO: www.golfslovakopen.sk , pga.sk\/turnaje , Instagram \u2013 @slovakopen Facebook \u2013 @SlovakchampionshipOpen @pgaofslovakia , www.skga.sk .<\/p>\n<p>Restriction of participation :<\/p>\n<ul>\n<li>number of players is 120 for tournament with gradual start<\/li>\n<li>Committee establishes \u201cPace of play\u201d to 4: 25, arrival after this time will be penalized &#8211;\u00a0 for every 10 minutes, 1 stroke will be added<\/li>\n<li>Delayed arrival on the start : to 5 minutes \u2013 2 stroke penalty,\u00a0 after 5 minutes \u2013 disqualification<\/li>\n<\/ul>\n<p>Catering : lunch after play &#8211;\u00a0 choice of two meals<\/p>\n<p>Prizes :<\/p>\n<p>PRIZE FUND 20000\u20ac<\/p>\n<p><em><strong>Game system and technical conditions<\/strong><\/em><\/p>\n<ul>\n<li>Category : pro stroke play<\/li>\n<li>Stroke play : in accordance to competetive system of SKGA, the Rules of Golf as approved by the Royal &amp; Ancient Golf Club of St Andrews and to the Local Rules approved by the Legend Course<\/li>\n<li>Players are requried to keep dress code prior to the tournament start and is intended for all pga members ( shirt with collar,long trousers, shoes, &#8211; violation of this rule is punished by disqualification<\/li>\n<li>Mobile phones, distance measuring devices are forbidden<\/li>\n<\/ul>\n<p>Start :<\/p>\n<ul>\n<li>gradual from 9:00<\/li>\n<li>Start time : start list on website skga.sk one day before the tournament after 17:00 Change of time or system of start will be always announced\u00a0 on website<a href=\"http:\/\/data.skga.sk\/turnaj\/?IDTournament=96041596\" target=\"_blank\" rel=\"noopener noreferrer\"> SKGA<\/a>\u00a0 , <a href=\"http:\/\/www.golfslovakopen.sk\">golfslovakopen.sk<\/a> and <a href=\"http:\/\/www.pga.sk\">www.pga.sk<\/a> one day before\u00a0 tournament<\/li>\n<\/ul>\n<p>Decisions of ties<\/p>\n<p>PRO category :\u00a0 in the event of a tie , the winner shall be decided by a \u201esudden death\u201c, playoff over holes which will be determined by the Championship Committee<\/p>\n<p>Pro player in case of winning a\u00a0PM,\u00a0 must be\u00a0 present for the tournament result presentation, sing an oficial winning document, if not, the PM\u00a0 falls in favor of Championship\u00a0 committee<\/p>\n<p>Result of tournament\u00a0 withing 15 minutes after the last scorecard will be uploaded<\/p>\n<p><em>Championship committee: Peter Petrovi\u010d, Pavol Bielik, Ras\u0165o Michal\u00e1k<\/em><\/p>\n<p>[\/vc_column_text][\/vc_column][\/vc_row]<\/p>\n<\/div>","protected":false},"excerpt":{"rendered":"<p>[vc_row][vc_column][vc_column_text] SLOVAK CHAMPIONSHIP OPEN 2020 Official Brochure HARD CARD 2020 COVID GUIDELINES START LIST PRO AM Tournament is for\u00a0 members of\u00a0 all PGA associations Organizer: PGA TOUR SLOVAKIA,\u00a0 s.r.o. , Coorganizer PGA SK o.z. Director of tournament : Peter Petrovi\u010d Head referee: Ras\u0165o Michal\u00e1k Tournament committee: Peter Petrovi\u010d, Pavol Bielik, Ras\u0165o Michal\u00e1k Entries \u00a0: the [&hellip;]<\/p>\n","protected":false},"author":3,"featured_media":0,"parent":0,"menu_order":0,"comment_status":"closed","ping_status":"closed","template":"","meta":{"footnotes":""},"class_list":["post-1374","page","type-page","status-publish","hentry"],"_links":{"self":[{"href":"https:\/\/golfslovakopen.sk\/en\/wp-json\/wp\/v2\/pages\/1374","targetHints":{"allow":["GET"]}}],"collection":[{"href":"https:\/\/golfslovakopen.sk\/en\/wp-json\/wp\/v2\/pages"}],"about":[{"href":"https:\/\/golfslovakopen.sk\/en\/wp-json\/wp\/v2\/types\/page"}],"author":[{"embeddable":true,"href":"https:\/\/golfslovakopen.sk\/en\/wp-json\/wp\/v2\/users\/3"}],"replies":[{"embeddable":true,"href":"https:\/\/golfslovakopen.sk\/en\/wp-json\/wp\/v2\/comments?post=1374"}],"version-history":[{"count":6,"href":"https:\/\/golfslovakopen.sk\/en\/wp-json\/wp\/v2\/pages\/1374\/revisions"}],"predecessor-version":[{"id":2248,"href":"https:\/\/golfslovakopen.sk\/en\/wp-json\/wp\/v2\/pages\/1374\/revisions\/2248"}],"wp:attachment":[{"href":"https:\/\/golfslovakopen.sk\/en\/wp-json\/wp\/v2\/media?parent=1374"}],"curies":[{"name":"wp","href":"https:\/\/api.w.org\/{rel}","templated":true}]}}